{"id":23483,"date":"2026-03-24T09:51:32","date_gmt":"2026-03-24T09:51:32","guid":{"rendered":"https:\/\/glazskow.com\/product\/bjorn-noyer-table\/"},"modified":"2026-03-24T10:38:53","modified_gmt":"2026-03-24T10:38:53","slug":"bjorn-noyer-table","status":"publish","type":"product","link":"https:\/\/glazskow.com\/en\/product\/bjorn-noyer-table\/","title":{"rendered":"&#8220;Bjorn&#8221; Noyer &#8211; Table"},"content":{"rendered":"<p>D\u00e9couvrez la table de salle \u00e0 manger Bjorn, o\u00f9 l&#8217;\u00e9l\u00e9gance et la fonctionnalit\u00e9 s&#8217;allient pour cr\u00e9er un meuble central dans votre espace repas. Avec ses formes rondes et douces et son \u00e9l\u00e9gante finition noyer, cette table promet d&#8217;apporter une atmosph\u00e8re chaleureuse et accueillante \u00e0 votre int\u00e9rieur.<\/p>\n<p>Design \u00e9l\u00e9gant La table de salle \u00e0 manger Bjorn pr\u00e9sente un design intemporel avec des formes rondes et douces qui s&#8217;int\u00e8grent sans effort dans tous les styles d&#8217;int\u00e9rieur. La finition noyer, riche et chaleureuse, ajoute une touche luxueuse \u00e0 votre espace repas.<\/p>\n<p>Construction robuste Avec un plateau de 4 cm d&#8217;\u00e9paisseur en placage de noyer et deux pieds ronds et solides, la table de salle \u00e0 manger Bjorn offre une base stable et durable pour des ann\u00e9es de plaisir. Sa conception robuste garantit que cette table durera pendant des g\u00e9n\u00e9rations.<\/p>\n<p><strong>Perfect Dimensions;<\/strong> Pour r\u00e9pondre aux diff\u00e9rentes exigences en mati\u00e8re d&#8217;espace, la table de salle \u00e0 manger Bjorn est disponible dans les longueurs suivantes :<\/p>\n<ul>\n<li>200 cm<\/li>\n<li>220 cm<\/li>\n<li>240 cm<\/li>\n<\/ul>\n<p>Rond<\/p>\n<ul>\n<li>160 cm<\/li>\n<\/ul>\n<p>Avec une largeur de 1 m\u00e8tre et une hauteur confortable de 75 cm, cette table offre suffisamment d&#8217;espace pour des d\u00eeners agr\u00e9ables. Banc assorti&amp;nbsp;Compl\u00e9tez votre espace repas avec le banc assorti Bjorn, fabriqu\u00e9 avec les m\u00eames mat\u00e9riaux de haute qualit\u00e9 et le m\u00eame souci du d\u00e9tail. Le banc est con\u00e7u pour s&#8217;adapter parfaitement au design de la table de salle \u00e0 manger, cr\u00e9ant ainsi un look harmonieux et coordonn\u00e9. Caract\u00e9ristiques techniques<\/p>\n<ul>\n<li>Mat\u00e9riau : Placage de noyer<\/li>\n<li>Finition : Noyer \u00e9l\u00e9gant<\/li>\n<li>\u00c9paisseur du plateau : 4 cm<\/li>\n<li>Largeur : 1 m\u00e8tre<\/li>\n<li>Hauteur : 75 cm\n<p>Entrez dans un monde de design moderne et de confort avec la table de salle \u00e0 manger Bjorn et le banc assorti. Commandez maintenant et transformez votre salle \u00e0 manger en un environnement \u00e9l\u00e9gant et accueillant.<\/li>\n<\/ul>","protected":false},"excerpt":{"rendered":"<p>D\u00e9couvrez la table de salle \u00e0 manger Bjorn, o\u00f9 l&#8217;\u00e9l\u00e9gance et la fonctionnalit\u00e9 s&#8217;allient pour cr\u00e9er un meuble central dans votre espace repas. Avec ses formes rondes et douces et son \u00e9l\u00e9gante finition noyer, cette table promet d&#8217;apporter une atmosph\u00e8re chaleureuse et accueillante \u00e0 votre int\u00e9rieur.<\/p>\n<p>Design \u00e9l\u00e9gant La table de salle \u00e0 manger Bjorn pr\u00e9sente un design intemporel avec des formes rondes et douces qui s&#8217;int\u00e8grent sans effort dans tous les styles d&#8217;int\u00e9rieur. La finition noyer, riche et chaleureuse, ajoute une touche luxueuse \u00e0 votre espace repas.<\/p>\n<p>Construction robuste Avec un plateau de 4 cm d&#8217;\u00e9paisseur en placage de noyer et deux pieds ronds et solides, la table de salle \u00e0 manger Bjorn offre une base stable et durable pour des ann\u00e9es de plaisir. Sa conception robuste garantit que cette table durera pendant des g\u00e9n\u00e9rations.<\/p>\n<p><strong>Perfect Dimensions;<\/strong> Pour r\u00e9pondre aux diff\u00e9rentes exigences en mati\u00e8re d&#8217;espace, la table de salle \u00e0 manger Bjorn est disponible dans les longueurs suivantes :<\/p>\n<ul>\n<li>200 cm<\/li>\n<li>220 cm<\/li>\n<li>240 cm<\/li>\n<\/ul>\n<p>Rond<\/p>\n<ul>\n<li>160 cm<\/li>\n<\/ul>\n<p>Avec une largeur de 1 m\u00e8tre et une hauteur confortable de 75 cm, cette table offre suffisamment d&#8217;espace pour des d\u00eeners agr\u00e9ables. Banc assorti&amp;nbsp;Compl\u00e9tez votre espace repas avec le banc assorti Bjorn, fabriqu\u00e9 avec les m\u00eames mat\u00e9riaux de haute qualit\u00e9 et le m\u00eame souci du d\u00e9tail. Le banc est con\u00e7u pour s&#8217;adapter parfaitement au design de la table de salle \u00e0 manger, cr\u00e9ant ainsi un look harmonieux et coordonn\u00e9. Caract\u00e9ristiques techniques<\/p>\n<ul>\n<li>Mat\u00e9riau : Placage de noyer<\/li>\n<li>Finition : Noyer \u00e9l\u00e9gant<\/li>\n<li>\u00c9paisseur du plateau : 4 cm<\/li>\n<li>Largeur : 1 m\u00e8tre<\/li>\n<li>Hauteur : 75 cm\n<p>Entrez dans un monde de design moderne et de confort avec la table de salle \u00e0 manger Bjorn et le banc assorti. Commandez maintenant et transformez votre salle \u00e0 manger en un environnement \u00e9l\u00e9gant et accueillant.<\/li>\n<\/ul>","protected":false},"featured_media":23480,"comment_status":"open","ping_status":"closed","template":"","meta":[],"product_brand":[],"product_cat":[108,31],"product_tag":[],"class_list":{"0":"post-23483","1":"product","2":"type-product","3":"status-publish","4":"has-post-thumbnail","6":"product_cat-tabellen","7":"product_cat-onze-bestsellers","9":"first","10":"instock","11":"shipping-taxable","12":"purchasable","13":"product-type-simple"},"jetpack_sharing_enabled":true,"_links":{"self":[{"href":"https:\/\/glazskow.com\/en\/wp-json\/wp\/v2\/product\/23483","targetHints":{"allow":["GET"]}}],"collection":[{"href":"https:\/\/glazskow.com\/en\/wp-json\/wp\/v2\/product"}],"about":[{"href":"https:\/\/glazskow.com\/en\/wp-json\/wp\/v2\/types\/product"}],"replies":[{"embeddable":true,"href":"https:\/\/glazskow.com\/en\/wp-json\/wp\/v2\/comments?post=23483"}],"version-history":[{"count":2,"href":"https:\/\/glazskow.com\/en\/wp-json\/wp\/v2\/product\/23483\/revisions"}],"predecessor-version":[{"id":23578,"href":"https:\/\/glazskow.com\/en\/wp-json\/wp\/v2\/product\/23483\/revisions\/23578"}],"wp:featuredmedia":[{"embeddable":true,"href":"https:\/\/glazskow.com\/en\/wp-json\/wp\/v2\/media\/23480"}],"wp:attachment":[{"href":"https:\/\/glazskow.com\/en\/wp-json\/wp\/v2\/media?parent=23483"}],"wp:term":[{"taxonomy":"product_brand","embeddable":true,"href":"https:\/\/glazskow.com\/en\/wp-json\/wp\/v2\/product_brand?post=23483"},{"taxonomy":"product_cat","embeddable":true,"href":"https:\/\/glazskow.com\/en\/wp-json\/wp\/v2\/product_cat?post=23483"},{"taxonomy":"product_tag","embeddable":true,"href":"https:\/\/glazskow.com\/en\/wp-json\/wp\/v2\/product_tag?post=23483"}],"curies":[{"name":"wp","href":"https:\/\/api.w.org\/{rel}","templated":true}]}}