{"id":20716,"date":"2026-01-16T15:21:05","date_gmt":"2026-01-16T15:21:05","guid":{"rendered":"https:\/\/glazskow.com\/product\/batavus-altura-pt-pro-2026-500-wh\/"},"modified":"2026-03-28T08:45:59","modified_gmt":"2026-03-28T08:45:59","slug":"batavus-altura-pt-pro-2026-500-wh","status":"publish","type":"product","link":"https:\/\/glazskow.com\/en\/product\/batavus-altura-pt-pro-2026-500-wh\/","title":{"rendered":"Batavus Altura PT Pro 2026 \u2013 500 Wh"},"content":{"rendered":"<p data-start=\"0\" data-end=\"368\">Deze e-bike met Bosch Performance BES3 middenmotor is perfect voor dagelijks gebruik en korte ritten in de stad. De motor levert krachtige, geruisloze ondersteuning, waardoor je moeiteloos door druk verkeer en lichte hellingen fietst. Met de ge\u00efntegreerde 500 Wh accu leg je tussen de 60 en 140 km af, zodat je zonder zorgen meerdere ritten op \u00e9\u00e9n lading kunt maken.<\/p>\n<p data-start=\"370\" data-end=\"640\">Dankzij de 5 versnellingen vind je altijd het juiste verzet voor een soepele en comfortabele rit. Het robuuste frame en de doordachte afwerking zorgen voor stabiliteit en plezier bij elke rit, terwijl de e-bike met zijn moderne ontwerp ook een stijlvolle indruk maakt.<\/p>\n<h2 data-start=\"642\" data-end=\"663\">Plus- en minpunten<\/h2>\n<ul data-start=\"664\" data-end=\"965\">\n<li data-start=\"664\" data-end=\"745\">\n<p data-start=\"666\" data-end=\"745\">Bosch Performance BES3 middenmotor voor geruisloze en krachtige ondersteuning<\/p>\n<\/li>\n<li data-start=\"746\" data-end=\"797\">\n<p data-start=\"748\" data-end=\"797\">500 Wh accu met een actieradius van 60 \u2013 140 km<\/p>\n<\/li>\n<li data-start=\"798\" data-end=\"838\">\n<p data-start=\"800\" data-end=\"838\">5 versnellingen voor een soepele rit<\/p>\n<\/li>\n<li data-start=\"839\" data-end=\"894\">\n<p data-start=\"841\" data-end=\"894\">Robuust en comfortabel frame voor dagelijks gebruik<\/p>\n<\/li>\n<li data-start=\"895\" data-end=\"936\">\n<p data-start=\"897\" data-end=\"936\">5 jaar garantie op de e-bike techniek<\/p>\n<\/li>\n<li data-start=\"937\" data-end=\"965\">\n<p data-start=\"939\" data-end=\"965\">Accu is niet te upgraden<\/p>\n<\/li>\n<\/ul>\n<h2 data-start=\"967\" data-end=\"997\">Belangrijkste specificaties<\/h2>\n<ul data-start=\"998\" data-end=\"1216\" data-is-last-node=\"\" data-is-only-node=\"\">\n<li data-start=\"998\" data-end=\"1042\">\n<p data-start=\"1000\" data-end=\"1042\">Accu &amp; Actieradius: 500 Wh \/ 60 \u2013 140 km<\/p>\n<\/li>\n<li data-start=\"1043\" data-end=\"1088\">\n<p data-start=\"1045\" data-end=\"1088\">Motor: Bosch Performance BES3 middenmotor<\/p>\n<\/li>\n<li data-start=\"1089\" data-end=\"1109\">\n<p data-start=\"1091\" data-end=\"1109\">Versnellingen: 5<\/p>\n<\/li>\n<li data-start=\"1110\" data-end=\"1141\">\n<p data-start=\"1112\" data-end=\"1141\">Remmen: Niet gespecificeerd<\/p>\n<\/li>\n<li data-start=\"1142\" data-end=\"1182\">\n<p data-start=\"1144\" data-end=\"1182\">Type gebruik: Dagelijks korte ritten<\/p>\n<\/li>\n<li data-start=\"1183\" data-end=\"1216\" data-is-last-node=\"\">\n<p data-start=\"1185\" data-end=\"1216\" data-is-last-node=\"\">Gewicht\/Overig: 5 jaar garantie<\/p>\n<\/li>\n<\/ul>","protected":false},"excerpt":{"rendered":"<p data-start=\"0\" data-end=\"368\">Deze e-bike met Bosch Performance BES3 middenmotor is perfect voor dagelijks gebruik en korte ritten in de stad. De motor levert krachtige, geruisloze ondersteuning, waardoor je moeiteloos door druk verkeer en lichte hellingen fietst. Met de ge\u00efntegreerde 500 Wh accu leg je tussen de 60 en 140 km af, zodat je zonder zorgen meerdere ritten op \u00e9\u00e9n lading kunt maken.<\/p>\n<p data-start=\"370\" data-end=\"640\">Dankzij de 5 versnellingen vind je altijd het juiste verzet voor een soepele en comfortabele rit. Het robuuste frame en de doordachte afwerking zorgen voor stabiliteit en plezier bij elke rit, terwijl de e-bike met zijn moderne ontwerp ook een stijlvolle indruk maakt.<\/p>\n<h2 data-start=\"642\" data-end=\"663\">Plus- en minpunten<\/h2>\n<ul data-start=\"664\" data-end=\"965\">\n<li data-start=\"664\" data-end=\"745\">\n<p data-start=\"666\" data-end=\"745\">Bosch Performance BES3 middenmotor voor geruisloze en krachtige ondersteuning<\/p>\n<\/li>\n<li data-start=\"746\" data-end=\"797\">\n<p data-start=\"748\" data-end=\"797\">500 Wh accu met een actieradius van 60 \u2013 140 km<\/p>\n<\/li>\n<li data-start=\"798\" data-end=\"838\">\n<p data-start=\"800\" data-end=\"838\">5 versnellingen voor een soepele rit<\/p>\n<\/li>\n<li data-start=\"839\" data-end=\"894\">\n<p data-start=\"841\" data-end=\"894\">Robuust en comfortabel frame voor dagelijks gebruik<\/p>\n<\/li>\n<li data-start=\"895\" data-end=\"936\">\n<p data-start=\"897\" data-end=\"936\">5 jaar garantie op de e-bike techniek<\/p>\n<\/li>\n<li data-start=\"937\" data-end=\"965\">\n<p data-start=\"939\" data-end=\"965\">Accu is niet te upgraden<\/p>\n<\/li>\n<\/ul>\n<h2 data-start=\"967\" data-end=\"997\">Belangrijkste specificaties<\/h2>\n<ul data-start=\"998\" data-end=\"1216\" data-is-last-node=\"\" data-is-only-node=\"\">\n<li data-start=\"998\" data-end=\"1042\">\n<p data-start=\"1000\" data-end=\"1042\">Accu &amp; Actieradius: 500 Wh \/ 60 \u2013 140 km<\/p>\n<\/li>\n<li data-start=\"1043\" data-end=\"1088\">\n<p data-start=\"1045\" data-end=\"1088\">Motor: Bosch Performance BES3 middenmotor<\/p>\n<\/li>\n<li data-start=\"1089\" data-end=\"1109\">\n<p data-start=\"1091\" data-end=\"1109\">Versnellingen: 5<\/p>\n<\/li>\n<li data-start=\"1110\" data-end=\"1141\">\n<p data-start=\"1112\" data-end=\"1141\">Remmen: Niet gespecificeerd<\/p>\n<\/li>\n<li data-start=\"1142\" data-end=\"1182\">\n<p data-start=\"1144\" data-end=\"1182\">Type gebruik: Dagelijks korte ritten<\/p>\n<\/li>\n<li data-start=\"1183\" data-end=\"1216\" data-is-last-node=\"\">\n<p data-start=\"1185\" data-end=\"1216\" data-is-last-node=\"\">Gewicht\/Overig: 5 jaar garantie<\/p>\n<\/li>\n<\/ul>","protected":false},"featured_media":20708,"comment_status":"open","ping_status":"closed","template":"","meta":[],"product_brand":[],"product_cat":[181,31],"product_tag":[],"class_list":{"0":"post-20716","1":"product","2":"type-product","3":"status-publish","4":"has-post-thumbnail","6":"product_cat-elektrischefiets","7":"product_cat-onze-bestsellers","9":"first","10":"instock","11":"sale","12":"shipping-taxable","13":"purchasable","14":"product-type-variable"},"jetpack_sharing_enabled":true,"_links":{"self":[{"href":"https:\/\/glazskow.com\/en\/wp-json\/wp\/v2\/product\/20716","targetHints":{"allow":["GET"]}}],"collection":[{"href":"https:\/\/glazskow.com\/en\/wp-json\/wp\/v2\/product"}],"about":[{"href":"https:\/\/glazskow.com\/en\/wp-json\/wp\/v2\/types\/product"}],"replies":[{"embeddable":true,"href":"https:\/\/glazskow.com\/en\/wp-json\/wp\/v2\/comments?post=20716"}],"version-history":[{"count":2,"href":"https:\/\/glazskow.com\/en\/wp-json\/wp\/v2\/product\/20716\/revisions"}],"predecessor-version":[{"id":20763,"href":"https:\/\/glazskow.com\/en\/wp-json\/wp\/v2\/product\/20716\/revisions\/20763"}],"wp:featuredmedia":[{"embeddable":true,"href":"https:\/\/glazskow.com\/en\/wp-json\/wp\/v2\/media\/20708"}],"wp:attachment":[{"href":"https:\/\/glazskow.com\/en\/wp-json\/wp\/v2\/media?parent=20716"}],"wp:term":[{"taxonomy":"product_brand","embeddable":true,"href":"https:\/\/glazskow.com\/en\/wp-json\/wp\/v2\/product_brand?post=20716"},{"taxonomy":"product_cat","embeddable":true,"href":"https:\/\/glazskow.com\/en\/wp-json\/wp\/v2\/product_cat?post=20716"},{"taxonomy":"product_tag","embeddable":true,"href":"https:\/\/glazskow.com\/en\/wp-json\/wp\/v2\/product_tag?post=20716"}],"curies":[{"name":"wp","href":"https:\/\/api.w.org\/{rel}","templated":true}]}}